{"id":361,"date":"2024-07-21T07:49:12","date_gmt":"2024-07-21T07:49:12","guid":{"rendered":"http:\/\/localhost\/dahotel\/?page_id=3"},"modified":"2026-02-03T16:04:40","modified_gmt":"2026-02-03T15:04:40","slug":"privacy-policy","status":"publish","type":"page","link":"https:\/\/euroconsultinghotel.com\/en\/privacy-policy\/","title":{"rendered":"Legal information"},"content":{"rendered":"<p><strong>\u00c9dition\/publication du site :<\/strong><\/p>\n\n\n\n<p>Euro Consulting H\u00f4tellerie<br><a href=\"https:\/\/www.societe.com\/entreprises\/AVENUE%20DE%20LA%20MAIRIE\/22700_SAINT%20QUAY%20PERROS.html\" target=\"_blank\" rel=\"noopener\">8 AVENUE DE LA MAIRIE, 22700 SAINT-QUAY-PERROS<\/a><\/p>\n\n\n\n<p><br><strong>T\u00e9l. :&nbsp;<\/strong>+33 7 85 02 41 12<br><br><strong>Directeur de la publication :&nbsp;<\/strong>Pierre-Fran\u00e7ois Grel<\/p>\n\n\n\n<p><strong>D\u00e9nomination sociale :<\/strong>&nbsp;Euro Consulting H\u00f4tellerie<\/p>\n\n\n\n<p><strong>Capital social :<\/strong>&nbsp;7 625&nbsp;\u20ac<br><strong>N\u00b0 Siret :<\/strong>&nbsp;42400414100083<br><strong>N\u00b0 d&#8217;immatriculation au RCS :&nbsp;<\/strong>42 004 141 R.C.S. Bayonne<\/p>\n\n\n\n<p><strong>N\u00b0 TVA intracommunautaire :<\/strong>&nbsp;FR25424004141<\/p>\n\n\n\n<p>Conception &amp; gestion du site : SARL ANIMAKOM Siret : 928 265 727 00018<\/p>\n\n\n\n<p>Euro Consulting H\u00f4tellerie&nbsp;attache une importance particuli\u00e8re \u00e0 la gestion des donn\u00e9es \u00e0 caract\u00e8re personnel et met en \u0153uvre toutes mesures appropri\u00e9es aux fins de restreindre les risques de perte, d\u00e9t\u00e9rioration ou mauvaise utilisation de celles-ci.<\/p>\n\n\n\n<p>La reproduction de tout ou partie de ce site est formellement interdite (quel que soit le support), sauf en cas d\u2019autorisation expresse du directeur de la publication.<\/p>\n\n\n\n<h3 class=\"wp-block-heading\">H\u00e9bergement et Infog\u00e9rance en France<\/h3>\n\n\n\n<p>Afin de garantir la s\u00e9curit\u00e9 et la confidentialit\u00e9 des donn\u00e9es de ce site internet dans le respect des r\u00e8gles europ\u00e9ennes en vigueur, celui-ci est h\u00e9berg\u00e9 en France, dans l\u2019un des centres de donn\u00e9es de la soci\u00e9t\u00e9 IONOS dont le si\u00e8ge est situ\u00e9 <strong>7 Place DE LA GARE 57200 SARREGUEMINES<\/strong>&nbsp;(immatricul\u00e9 sous le SIRET 431 303 775 00016).<\/p>\n\n\n\n<p>Les serveurs qui h\u00e9bergent ce site sont infog\u00e9r\u00e9s en 24\/24<a href=\"https:\/\/www.clo2.green\/\" target=\"_blank\" rel=\"noreferrer noopener\" class=\"\"><\/a><\/p>\n\n\n\n<p><strong>Respect de la vie priv\u00e9e et des donn\u00e9es personnelles :<\/strong><\/p>\n\n\n\n<p>Les donn\u00e9es sont collect\u00e9es dans le but exclusif d&#8217;\u00e9tablir une relation commerciale et professionnelle avec les clients.<\/p>\n\n\n\n<p>Les donn\u00e9es \u00e0 caract\u00e8re personnel sont conserv\u00e9es par&nbsp;Euro Consulting H\u00f4tellerie pendant une p\u00e9riode raisonnable.<\/p>\n\n\n\n<p>Si la personne ne fournit pas toutes les informations demand\u00e9es de mani\u00e8re obligatoire dans les formulaires du site (*Champs obligatoires), elle ne peut pas envoyer le formulaire et ne peut donc pas rentrer en contact avec Euro Consulting H\u00f4tellerie.<strong><\/strong><\/p>\n\n\n\n<p>Conform\u00e9ment \u00e0 la loi Informatique et Libert\u00e9s n\u00b078-17 du 6 janvier 1978 relative \u00e0 la protection des personnes physiques \u00e0 l&#8217;\u00e9gard des traitements de donn\u00e9es \u00e0 caract\u00e8re personnel modifi\u00e9e par la loi n\u00b02004-801 du 6 ao\u00fbt 2004, la collecte, l&#8217;enregistrement et la conservation automatis\u00e9s d&#8217;informations nominatives s&#8217;effectuent sur ce site Internet dans le cadre de la d\u00e9claration d&#8217;un traitement d&#8217;informations personnelles effectu\u00e9e aupr\u00e8s de la commission nationale de l&#8217;informatique et des libert\u00e9s (CNIL).<\/p>\n\n\n\n<p>Le site&nbsp;https:\/\/euroconsultinghotel.com\/&nbsp; peut utiliser des codes de suivi fourni par ses partenaires dans le but de v\u00e9rifier l&#8217;efficacit\u00e9 de ses campagnes de communications.<\/p>\n\n\n\n<p><strong>Politique de protection des donn\u00e9es personnelles<\/strong><\/p>\n\n\n\n<p>Euro Consulting H\u00f4tellerie&nbsp;assure la confidentialit\u00e9 des donn\u00e9es collect\u00e9es et met en \u0153uvre toutes les mesures adapt\u00e9es&nbsp;pour pr\u00e9server leur s\u00e9curit\u00e9 et leur int\u00e9grit\u00e9, notamment contre la perte accidentelle, l\u2019alt\u00e9ration, la diffusion ou l\u2019acc\u00e8s non autoris\u00e9.<\/p>\n\n\n\n<p>Les informations \u00e0 caract\u00e8re personnel recueillies font l&#8217;objet d&#8217;un traitement informatique destin\u00e9 \u00e0 l&#8217;\u00e9laboration de statistiques commerciales.<\/p>\n\n\n\n<p>Les destinataires des donn\u00e9es sont l&#8217;\u00e9diteur du site et le responsable du traitement d\u00e9fini.<\/p>\n\n\n\n<p>Les donn\u00e9es sont conserv\u00e9es pendant toute la dur\u00e9e de la relation commerciale. Elles peuvent \u00eatre archiv\u00e9es conform\u00e9ment aux dispositions en vigueur, dans les cas suivants&nbsp;:<\/p>\n\n\n\n<ul class=\"wp-block-list\">\n<li>elles sont n\u00e9cessaires \u00e0 l&#8217;\u00e9tablissement de la preuve d&#8217;un contrat,<\/li>\n\n\n\n<li>elles doivent \u00eatre conserv\u00e9es au titre du respect d&#8217;une obligation l\u00e9gale.<\/li>\n<\/ul>\n\n\n\n<p>Conform\u00e9ment \u00e0 la loi \u00ab informatique et libert\u00e9s \u00bb du 6 janvier 1978 modifi\u00e9e en 2004, les Internautes et Clients b\u00e9n\u00e9ficient d&#8217;un droit d&#8217;acc\u00e8s et de rectification aux informations les concernant, qu&#8217;ils peuvent exercer depuis le compte client ou par simple demande par mail.<\/p>\n\n\n\n<p><strong>Les cookies que nous \u00e9mettons.<\/strong><\/p>\n\n\n\n<p>Les cookies que nous installons, dans votre terminal, nous permettent de reconna\u00eetre votre navigateur lorsque vous vous connectez \u00e0 notre site. Soucieux de servir nos clients au mieux, nous \u00e9mettons des cookies afin :<\/p>\n\n\n\n<ul class=\"wp-block-list\">\n<li>D\u2019\u00e9tablir des statistiques de fr\u00e9quentation (nombre de visites, de pages vues, d\u2019abandon dans le processus de saisie de formulaire, etc.) pour suivre et am\u00e9liorer la qualit\u00e9 de nos services<\/li>\n\n\n\n<li>D\u2019adapter la pr\u00e9sentation de notre site aux pr\u00e9f\u00e9rences d\u2019affichage de votre terminal<\/li>\n\n\n\n<li>D\u2019adapter de notre site aux pr\u00e9f\u00e9rences d\u2019affichage de votre terminal.<\/li>\n<\/ul>\n\n\n\n<p><strong>Les Cookies tiers<\/strong><br>Lorsque vous acc\u00e9dez \u00e0 notre site internet, un ou plusieurs cookies de soci\u00e9t\u00e9s partenaires (cookies tiers) sont susceptibles d\u2019\u00eatre plac\u00e9s dans votre ordinateur via les pages de notre site.<\/p>\n\n\n\n<p>Toute \u00e9mission et utilisation de cookies par des tiers sont soumises aux politiques de protection de la vie priv\u00e9e de ces tiers. Nous ne disposons d\u2019aucun acc\u00e8s ni contr\u00f4le sur les cookies tiers. Toutefois nous veillons \u00e0 ce que les soci\u00e9t\u00e9s partenaires traitent&nbsp;les informations collect\u00e9es sur le site peuvent \u00eatre utilis\u00e9es exclusivement pour les besoins d&#8217;Euro Consulting H\u00f4tellerie et dans le respect de la loi \u00ab Informatique et Libert\u00e9s \u00bb et du RGPD.<\/p>\n\n\n\n<p><strong>Vos choix concernant les cookies<\/strong><\/p>\n\n\n\n<p>Vous disposez de plusieurs options de gestion des cookies. Leur param\u00e9trage par vos soins pourra mener \u00e0 une modification de votre navigation sur Internet et de vos conditions d\u2019acc\u00e8s \u00e0 certains services n\u00e9cessitant l\u2019utilisation de Cookies. Vous pouvez exprimer et modifier \u00e0 tout moment vos souhaits en mati\u00e8re de cookies.<\/p>\n\n\n\n<p><strong>Droit de personnes<\/strong><br>Conform\u00e9ment \u00e0 la loi informatique et libert\u00e9s et au RGPD, toute personne peut exercer son droit d\u2019acc\u00e8s, de rectification, d\u2019opposition, \u00e0 la limitation des traitements, \u00e0 la suppression et la portabilit\u00e9 des donn\u00e9es le concernant en faisant la demande par courrier sign\u00e9 et accompagn\u00e9 de la copie d\u2019une pi\u00e8ce d\u2019identit\u00e9 \u00e0 l\u2019adresse du si\u00e8ge social de Euro consulting,&nbsp;137 avenue de Jalday&nbsp;64500 Saint Jean de Luz. Le responsable du traitement, Christophe Gonzalez&nbsp;effectuera une r\u00e9ponse au plus tard dans le mois suivant la demande d\u2019acc\u00e8s ou de rectification.<\/p>\n\n\n\n<p><strong>Liens Opt-out pour cookies de mesure d\u2019audience<\/strong><\/p>\n\n\n\n<ul class=\"wp-block-list\">\n<li><a href=\"https:\/\/support.google.com\/analytics\/answer\/181881\" target=\"_blank\" rel=\"noreferrer noopener\">Pour les cookies d\u00e9pos\u00e9s par Google Analytics<\/a>&nbsp;<\/li>\n<\/ul>\n\n\n\n<p><strong>Liens Opt-out pour cookies de partage<\/strong><\/p>\n\n\n\n<ul class=\"wp-block-list\">\n<li><a href=\"https:\/\/www.facebook.com\/policies\/cookies\/\" target=\"_blank\" rel=\"noreferrer noopener\">Cookies d\u00e9pos\u00e9s par Facebook<\/a>&nbsp;<\/li>\n\n\n\n<li><a href=\"https:\/\/help.instagram.com\/1896641480634370?ref=ig\" target=\"_blank\" rel=\"noreferrer noopener\">Cookies d\u00e9pos\u00e9s par Instagram<\/a><\/li>\n\n\n\n<li><a href=\"https:\/\/support.twitter.com\/articles\/20170518-utilisation-des-cookies-et-des-technologies-similaires-par-twitter\" target=\"_blank\" rel=\"noreferrer noopener\">Pour les cookies d\u00e9pos\u00e9s par Twitter<\/a><\/li>\n\n\n\n<li>Des informations plus d\u00e9velopp\u00e9es sur les cookies sont consultables&nbsp;<a href=\"https:\/\/www.cnil.fr\/vos-droits\/vos-traces\/les-cookies\" target=\"_blank\" rel=\"noreferrer noopener\">sur le site de la CNIL<\/a>.<\/li>\n<\/ul>\n\n\n\n<p>Euro Consulting H\u00f4tellerie&nbsp;attache une importance particuli\u00e8re \u00e0 la gestion des donn\u00e9es \u00e0 caract\u00e8re personnel et met en \u0153uvre toutes mesures appropri\u00e9es aux fins de restreindre les risques de perte, d\u00e9t\u00e9rioration ou mauvaise utilisation de celles-ci.<\/p>\n\n\n\n<p><strong>Avis relatif \u00e0 la s\u00e9curit\u00e9 :<\/strong><br>Afin d&#8217;assurer sa s\u00e9curit\u00e9 et de garantir son acc\u00e8s \u00e0 tous, ce site internet emploie des logiciels pour contr\u00f4ler les flux sur le site, pour identifier les tentatives non autoris\u00e9es de connexion ou de changement de l&#8217;information, ou toute autre initiative pouvant causer d&#8217;autres dommages. Les tentatives non autoris\u00e9es de chargement d&#8217;information, d&#8217;alt\u00e9ration des informations, visant \u00e0 causer un dommage et d&#8217;une mani\u00e8re g\u00e9n\u00e9rale toute atteinte \u00e0 la disponibilit\u00e9 et l&#8217;int\u00e9grit\u00e9 de ce site sont strictement interdites et seront sanctionn\u00e9es par le code p\u00e9nal. Ainsi l&#8217;article 323-1 du code p\u00e9nal pr\u00e9voit que le fait d&#8217;acc\u00e9der ou de se maintenir frauduleusement, dans tout ou partie d&#8217;un syst\u00e8me de traitement automatis\u00e9 de donn\u00e9es (c&#8217;est le cas d&#8217;un site internet) est puni de deux ans d&#8217;emprisonnement et de 30 000 euros d&#8217;amende. L&#8217;article 323-3 du m\u00eame code pr\u00e9voit que le fait d&#8217;introduire frauduleusement des donn\u00e9es dans un syst\u00e8me de traitement automatis\u00e9 ou de supprimer ou de modifier frauduleusement les donn\u00e9es qu&#8217;il contient est puni de cinq ans d&#8217;emprisonnement et de 75 000 euros d&#8217;amende.<\/p>\n\n\n\n<p><strong>Cr\u00e9dits photographiques :<\/strong><\/p>\n\n\n\n<p>Les photographies utilis\u00e9es dans ce site font l&#8217;objet de droits r\u00e9serv\u00e9s. Elles ne peuvent pas \u00eatre utilis\u00e9es ou dupliqu\u00e9es sans l&#8217;autorisation \u00e9crite de Pierre Fran\u00e7ois Grel.<\/p>\n\n\n\n<p>Cr\u00e9dits photographiques : Adobe Stock \/ Istock \/ Flaticon \/ Pixabay \/ unsplash \/ Stockunlimited\/Shutterstock<\/p>\n\n\n\n<p><strong>Droits de reproduction :<\/strong><\/p>\n\n\n\n<p>Les contenus de ce site rel\u00e8vent de la l\u00e9gislation fran\u00e7aise et internationale li\u00e9e au droit d&#8217;auteur et \u00e0 la propri\u00e9t\u00e9 intellectuelle. Tous droits de reproduction r\u00e9serv\u00e9s (repr\u00e9sentations iconographiques et photographiques incluses).<\/p>\n\n\n\n<p>La reproduction de tout ou partie de ce site est formellement interdite (quel que soit le support), sauf en cas d\u2019autorisation expresse du directeur de la publication.<\/p>\n\n\n\n<h2 class=\"wp-block-heading\">Comments<\/h2>\n\n\n\n<p><strong class=\"privacy-policy-tutorial\">Suggested text: <\/strong>When visitors leave comments on the site we collect the data shown in the comments form, and also the visitor\u2019s IP address and browser user agent string to help spam detection.<\/p>\n\n\n\n<p>An anonymized string created from your email address (also called a hash) may be provided to the Gravatar service to see if you are using it. The Gravatar service privacy policy is available here: https:\/\/automattic.com\/privacy\/. After approval of your comment, your profile picture is visible to the public in the context of your comment.<\/p>\n\n\n\n<h2 class=\"wp-block-heading\">Media<\/h2>\n\n\n\n<p><strong class=\"privacy-policy-tutorial\">Suggested text: <\/strong>If you upload images to the website, you should avoid uploading images with embedded location data (EXIF GPS) included. Visitors to the website can download and extract any location data from images on the website.<\/p>\n\n\n\n<h2 class=\"wp-block-heading\">Cookies<\/h2>\n\n\n\n<p><strong class=\"privacy-policy-tutorial\">Suggested text: <\/strong>If you leave a comment on our site you may opt-in to saving your name, email address and website in cookies. These are for your convenience so that you do not have to fill in your details again when you leave another comment. These cookies will last for one year.<\/p>\n\n\n\n<p>If you visit our login page, we will set a temporary cookie to determine if your browser accepts cookies. This cookie contains no personal data and is discarded when you close your browser.<\/p>\n\n\n\n<p>When you log in, we will also set up several cookies to save your login information and your screen display choices. Login cookies last for two days, and screen options cookies last for a year. If you select &#8220;Remember Me&#8221;, your login will persist for two weeks. If you log out of your account, the login cookies will be removed.<\/p>\n\n\n\n<p>If you edit or publish an article, an additional cookie will be saved in your browser. This cookie includes no personal data and simply indicates the post ID of the article you just edited. It expires after 1 day.<\/p>\n\n\n\n<h2 class=\"wp-block-heading\">Embedded content from other websites<\/h2>\n\n\n\n<p><strong class=\"privacy-policy-tutorial\">Suggested text: <\/strong>Articles on this site may include embedded content (e.g. videos, images, articles, etc.). Embedded content from other websites behaves in the exact same way as if the visitor has visited the other website.<\/p>\n\n\n\n<p>These websites may collect data about you, use cookies, embed additional third-party tracking, and monitor your interaction with that embedded content, including tracking your interaction with the embedded content if you have an account and are logged in to that website.<\/p>\n\n\n\n<h2 class=\"wp-block-heading\">Who we share your data with<\/h2>\n\n\n\n<p><strong class=\"privacy-policy-tutorial\">Suggested text: <\/strong>If you request a password reset, your IP address will be included in the reset email.<\/p>\n\n\n\n<h2 class=\"wp-block-heading\">How long we retain your data<\/h2>\n\n\n\n<p><strong class=\"privacy-policy-tutorial\">Suggested text: <\/strong>If you leave a comment, the comment and its metadata are retained indefinitely. This is so we can recognize and approve any follow-up comments automatically instead of holding them in a moderation queue.<\/p>\n\n\n\n<p>For users that register on our website (if any), we also store the personal information they provide in their user profile. All users can see, edit, or delete their personal information at any time (except they cannot change their username). Website administrators can also see and edit that information.<\/p>\n\n\n\n<h2 class=\"wp-block-heading\">What rights you have over your data<\/h2>\n\n\n\n<p><strong class=\"privacy-policy-tutorial\">Suggested text: <\/strong>If you have an account on this site, or have left comments, you can request to receive an exported file of the personal data we hold about you, including any data you have provided to us. You can also request that we erase any personal data we hold about you. This does not include any data we are obliged to keep for administrative, legal, or security purposes.<\/p>\n\n\n\n<h2 class=\"wp-block-heading\">Where your data is sent<\/h2>\n\n\n\n<p><strong class=\"privacy-policy-tutorial\">Suggested text: <\/strong>Visitor comments may be checked through an automated spam detection service.<\/p>","protected":false},"excerpt":{"rendered":"<p>\u00c9dition\/publication du site : Euro Consulting H\u00f4tellerie8 AVENUE DE LA MAIRIE, 22700 SAINT-QUAY-PERROS T\u00e9l. :&nbsp;+33 7 85 02 41 12 Directeur de la publication :&nbsp;Pierre-Fran\u00e7ois Grel D\u00e9nomination sociale :&nbsp;Euro Consulting H\u00f4tellerie Capital social :&nbsp;7 625&nbsp;\u20acN\u00b0 Siret :&nbsp;42400414100083N\u00b0 d&#8217;immatriculation au RCS :&nbsp;42 004 141 R.C.S. Bayonne N\u00b0 TVA intracommunautaire :&nbsp;FR25424004141 Conception &amp; gestion du site : [&hellip;]<\/p>\n","protected":false},"author":2,"featured_media":0,"parent":0,"menu_order":0,"comment_status":"closed","ping_status":"open","template":"","meta":{"_monsterinsights_skip_tracking":false,"_monsterinsights_sitenote_active":false,"_monsterinsights_sitenote_note":"","_monsterinsights_sitenote_category":0,"footnotes":""},"class_list":["post-361","page","type-page","status-publish","hentry"],"_links":{"self":[{"href":"https:\/\/euroconsultinghotel.com\/en\/wp-json\/wp\/v2\/pages\/361","targetHints":{"allow":["GET"]}}],"collection":[{"href":"https:\/\/euroconsultinghotel.com\/en\/wp-json\/wp\/v2\/pages"}],"about":[{"href":"https:\/\/euroconsultinghotel.com\/en\/wp-json\/wp\/v2\/types\/page"}],"author":[{"embeddable":true,"href":"https:\/\/euroconsultinghotel.com\/en\/wp-json\/wp\/v2\/users\/2"}],"replies":[{"embeddable":true,"href":"https:\/\/euroconsultinghotel.com\/en\/wp-json\/wp\/v2\/comments?post=361"}],"version-history":[{"count":2,"href":"https:\/\/euroconsultinghotel.com\/en\/wp-json\/wp\/v2\/pages\/361\/revisions"}],"predecessor-version":[{"id":904,"href":"https:\/\/euroconsultinghotel.com\/en\/wp-json\/wp\/v2\/pages\/361\/revisions\/904"}],"wp:attachment":[{"href":"https:\/\/euroconsultinghotel.com\/en\/wp-json\/wp\/v2\/media?parent=361"}],"curies":[{"name":"wp","href":"https:\/\/api.w.org\/{rel}","templated":true}]}}